{"id":26,"date":"2025-09-30T19:57:31","date_gmt":"2025-09-30T19:57:31","guid":{"rendered":"https:\/\/psicoboost.es\/?page_id=26"},"modified":"2025-10-02T07:17:43","modified_gmt":"2025-10-02T07:17:43","slug":"elementor-26","status":"publish","type":"page","link":"https:\/\/psicoboost.es\/","title":{"rendered":"Inicio"},"content":{"rendered":"\t\t<div data-elementor-type=\"wp-post\" data-elementor-id=\"26\" class=\"elementor elementor-26\">\n\t\t\t\t<div class=\"elementor-element elementor-element-f3dc75a e-flex e-con-boxed e-con e-parent\" data-id=\"f3dc75a\" data-element_type=\"container\">\n\t\t\t\t\t<div class=\"e-con-inner\">\n\t\t\t\t<div class=\"elementor-element elementor-element-b8cfc57 elementor-widget elementor-widget-html\" data-id=\"b8cfc57\" data-element_type=\"widget\" data-widget_type=\"html.default\">\n\t\t\t\t\t<!-- Bloque: Breve propuesta de valor (Qu\u00e9 | Para qui\u00e9n | C\u00f3mo) -->\r\n<style>\r\n  :root{\r\n    --brand: #27d09c;\r\n    --bg: #ffffff;\r\n    --muted: #6b7280;\r\n    --card-bg: #f7f9f8;\r\n    --max-width: 1100px;\r\n    --radius: 12px;\r\n    --gap: 20px;\r\n    --pad: 24px;\r\n  }\r\n\r\n  .pv-section{\r\n    box-sizing: border-box;\r\n    max-width: var(--max-width);\r\n    margin: 28px auto;\r\n    padding: var(--pad);\r\n    font-family: Inter, system-ui, -apple-system, \"Segoe UI\", Roboto, \"Helvetica Neue\", Arial;\r\n    color: #0b1220;\r\n  }\r\n\r\n  .pv-hero{\r\n    display: grid;\r\n    grid-template-columns: 1fr;\r\n    gap: 18px;\r\n    align-items: center;\r\n  }\r\n\r\n  .pv-eyebrow{\r\n    display:inline-block;\r\n    font-weight:600;\r\n    color:var(--brand);\r\n    background: rgba(39,208,156,0.08);\r\n    padding:6px 10px;\r\n    border-radius:999px;\r\n    font-size:13px;\r\n  }\r\n\r\n  .pv-title{\r\n    font-size:28px;\r\n    line-height:1.05;\r\n    margin: 2px 0 6px 0;\r\n    font-weight:700;\r\n  }\r\n\r\n  .pv-sub{\r\n    color:var(--muted);\r\n    font-size:16px;\r\n    margin:0 0 12px 0;\r\n  }\r\n\r\n  .pv-grid{\r\n    display:grid;\r\n    grid-template-columns: repeat(3,1fr);\r\n    gap: var(--gap);\r\n    margin-top:18px;\r\n  }\r\n\r\n  .pv-card{\r\n    background: var(--card-bg);\r\n    border-radius: var(--radius);\r\n    padding:18px;\r\n    min-height:120px;\r\n    box-shadow: 0 6px 18px rgba(11,18,32,0.04);\r\n    display:flex;\r\n    gap:12px;\r\n    align-items:flex-start;\r\n  }\r\n\r\n  .pv-icon{\r\n    min-width:46px;\r\n    min-height:46px;\r\n    border-radius:10px;\r\n    background: linear-gradient(180deg, rgba(39,208,156,0.12), rgba(39,208,156,0.06));\r\n    display:inline-grid;\r\n    place-items:center;\r\n    color:var(--brand);\r\n    font-weight:700;\r\n    font-size:18px;\r\n  }\r\n\r\n  .pv-card h4{\r\n    margin:0 0 6px 0;\r\n    font-size:16px;\r\n    font-weight:700;\r\n  }\r\n  .pv-card p{\r\n    margin:0;\r\n    color:var(--muted);\r\n    font-size:14px;\r\n    line-height:1.45;\r\n  }\r\n\r\n  .pv-cta{\r\n    margin-top:18px;\r\n    text-decoration:none;\r\n  }\r\n\r\n  .pv-btn{\r\n    display:inline-block;\r\n    background:var(--brand);\r\n    color:white;\r\n    padding:10px 18px;\r\n    border-radius:10px;\r\n    text-decoration:none!important;\r\n    font-weight:600;\r\n    box-shadow: 0 8px 18px rgba(39,208,156,0.14);\r\n  }\r\n\r\n  \/* Responsive *\/\r\n  @media (max-width:900px){\r\n    .pv-grid{ grid-template-columns: 1fr; }\r\n    .pv-title{ font-size:24px; }\r\n  }\r\n<\/style>\r\n\r\n<section class=\"pv-section\" aria-labelledby=\"pv-title\">\r\n  <div class=\"pv-hero\">\r\n    \r\n\r\n    <h2 id=\"pv-title\" class=\"pv-title\">\r\n      Impulsamos tu consulta con marketing digital aut\u00e9ntico\r\n    <\/h2>\r\n\r\n    <p class=\"pv-sub\">\r\n      Conectamos tu experiencia cl\u00ednica con pacientes que necesitan tus servicios. Ofrecemos gesti\u00f3n de marca, contenido y campa\u00f1as pensadas para psic\u00f3logos aut\u00f3nomos que quieren m\u00e1s consultas sin renunciar a la \u00e9tica profesional.\r\n    <\/p>\r\n  <\/div>\r\n\r\n  <div class=\"pv-grid\" role=\"list\" aria-label=\"Qu\u00e9 hacemos, Para qui\u00e9n, C\u00f3mo\">\r\n    <article class=\"pv-card\" role=\"listitem\" aria-labelledby=\"q-h\">\r\n      <div class=\"pv-icon\" aria-hidden=\"true\">Q<\/div>\r\n      <div>\r\n        <h4 id=\"q-h\">Qu\u00e9 hacemos<\/h4>\r\n        <p>Social media, copies persuasivos, dise\u00f1o de identidad, v\u00eddeos short, campa\u00f1as y funnels adaptados para atraer pacientes cualificados.<\/p>\r\n      <\/div>\r\n    <\/article>\r\n\r\n    <article class=\"pv-card\" role=\"listitem\" aria-labelledby=\"p-h\">\r\n      <div class=\"pv-icon\" aria-hidden=\"true\">P<\/div>\r\n      <div>\r\n        <h4 id=\"p-h\">Para qui\u00e9n<\/h4>\r\n        <p>Psic\u00f3logos aut\u00f3nomos y consultas peque\u00f1as que buscan reputaci\u00f3n online, m\u00e1s visibilidad y pacientes recurrentes sin dedicar horas a marketing.<\/p>\r\n      <\/div>\r\n    <\/article>\r\n\r\n    <article class=\"pv-card\" role=\"listitem\" aria-labelledby=\"c-h\">\r\n      <div class=\"pv-icon\" aria-hidden=\"true\">C<\/div>\r\n      <div>\r\n        <h4 id=\"c-h\">C\u00f3mo lo hacemos<\/h4>\r\n        <p>Combinamos estrategia de contenidos + anuncios segmentados y automatizaciones sencillas (email & funnels) para convertir tr\u00e1fico en citas reales.<\/p>\r\n      <\/div>\r\n    <\/article>\r\n  <\/div>\r\n\r\n  <div class=\"pv-cta\">\r\n    <a class=\"pv-btn\" href=\"#contacto\" role=\"button\">Solicita tu propuesta gratuita<\/a>\r\n  <\/div>\r\n<\/section>\r\n\t\t\t\t<\/div>\n\t\t\t\t\t<\/div>\n\t\t\t\t<\/div>\n\t\t<div class=\"elementor-element elementor-element-1fdac64 e-grid e-con-boxed e-con e-parent\" data-id=\"1fdac64\" data-element_type=\"container\">\n\t\t\t\t\t<div class=\"e-con-inner\">\n\t\t\t\t<div class=\"elementor-element elementor-element-27cdb76 e-transform elementor-widget elementor-widget-text-editor\" data-id=\"27cdb76\" data-element_type=\"widget\" data-settings=\"{&quot;_transform_skewX_effect&quot;:{&quot;unit&quot;:&quot;px&quot;,&quot;size&quot;:&quot;&quot;,&quot;sizes&quot;:[]},&quot;_transform_skewX_effect_tablet&quot;:{&quot;unit&quot;:&quot;deg&quot;,&quot;size&quot;:&quot;&quot;,&quot;sizes&quot;:[]},&quot;_transform_skewX_effect_mobile&quot;:{&quot;unit&quot;:&quot;deg&quot;,&quot;size&quot;:&quot;&quot;,&quot;sizes&quot;:[]},&quot;_transform_skewY_effect&quot;:{&quot;unit&quot;:&quot;px&quot;,&quot;size&quot;:&quot;&quot;,&quot;sizes&quot;:[]},&quot;_transform_skewY_effect_tablet&quot;:{&quot;unit&quot;:&quot;deg&quot;,&quot;size&quot;:&quot;&quot;,&quot;sizes&quot;:[]},&quot;_transform_skewY_effect_mobile&quot;:{&quot;unit&quot;:&quot;deg&quot;,&quot;size&quot;:&quot;&quot;,&quot;sizes&quot;:[]}}\" data-widget_type=\"text-editor.default\">\n\t\t\t\t\t\t\t\t\t<p><img decoding=\"async\" class=\"aligncenter size-full wp-image-93\" src=\"http:\/\/psicoboost.es\/wp-content\/uploads\/2025\/10\/icons8-megaphone-100.png\" alt=\"\" width=\"100\" height=\"100\" \/>\u00a0<\/p><h3><span style=\"font-style: inherit; font-weight: inherit;\">M\u00e1s visibilidad online<\/span><\/h3>\t\t\t\t\t\t\t\t<\/div>\n\t\t\t\t<div class=\"elementor-element elementor-element-59f566c elementor-widget elementor-widget-text-editor\" data-id=\"59f566c\" data-element_type=\"widget\" data-widget_type=\"text-editor.default\">\n\t\t\t\t\t\t\t\t\t<h3><img decoding=\"async\" class=\"aligncenter\" src=\"http:\/\/psicoboost.es\/wp-content\/uploads\/2025\/10\/BrainColInicio.svg\" alt=\"\" width=\"177\" height=\"177\" \/><\/h3>\n<h3 style=\"Text-align:center;\">Estrategia adaptada a psic\u00f3logos<\/h3>\t\t\t\t\t\t\t\t<\/div>\n\t\t\t\t<div class=\"elementor-element elementor-element-d0f7c2c elementor-widget elementor-widget-text-editor\" data-id=\"d0f7c2c\" data-element_type=\"widget\" data-widget_type=\"text-editor.default\">\n\t\t\t\t\t\t\t\t\t<h3>\u00a0<\/h3><h3><img decoding=\"async\" class=\"aligncenter size-full wp-image-95\" src=\"http:\/\/psicoboost.es\/wp-content\/uploads\/2025\/10\/icons8-gear-100.png\" alt=\"eficiencia psicologo\" width=\"100\" height=\"100\" \/><\/h3><p>\u00a0<\/p><h3>Procesos simples y eficientes<\/h3>\t\t\t\t\t\t\t\t<\/div>\n\t\t\t\t<div class=\"elementor-element elementor-element-908dbf2 elementor-widget-divider--separator-type-pattern elementor-widget-divider--view-line elementor-widget elementor-widget-divider\" data-id=\"908dbf2\" data-element_type=\"widget\" data-widget_type=\"divider.default\">\n\t\t\t\t\t\t\t<div class=\"elementor-divider\" style=\"--divider-pattern-url: url(&quot;data:image\/svg+xml,%3Csvg xmlns=&#039;http:\/\/www.w3.org\/2000\/svg&#039; preserveAspectRatio=&#039;none&#039; overflow=&#039;visible&#039; height=&#039;100%&#039; viewBox=&#039;0 0 24 24&#039; fill=&#039;none&#039; stroke=&#039;black&#039; stroke-width=&#039;1&#039; stroke-linecap=&#039;square&#039; stroke-miterlimit=&#039;10&#039;%3E%3Cpath d=&#039;M0,21c3.3,0,8.3-0.9,15.7-7.1c6.6-5.4,4.4-9.3,2.4-10.3c-3.4-1.8-7.7,1.3-7.3,8.8C11.2,20,17.1,21,24,21&#039;\/%3E%3C\/svg%3E&quot;);\">\n\t\t\t<span class=\"elementor-divider-separator\">\n\t\t\t\t\t\t<\/span>\n\t\t<\/div>\n\t\t\t\t\t\t<\/div>\n\t\t\t\t<div class=\"elementor-element elementor-element-9224447 elementor-widget elementor-widget-google_maps\" data-id=\"9224447\" data-element_type=\"widget\" data-widget_type=\"google_maps.default\">\n\t\t\t\t\t\t\t<div class=\"elementor-custom-embed\">\n\t\t\t<iframe loading=\"lazy\"\n\t\t\t\t\tsrc=\"https:\/\/maps.google.com\/maps?q=Spain&#038;t=m&#038;z=10&#038;output=embed&#038;iwloc=near\"\n\t\t\t\t\ttitle=\"Spain\"\n\t\t\t\t\taria-label=\"Spain\"\n\t\t\t><\/iframe>\n\t\t<\/div>\n\t\t\t\t\t\t<\/div>\n\t\t\t\t\t<\/div>\n\t\t\t\t<\/div>\n\t\t<div class=\"elementor-element elementor-element-f64ddef e-flex e-con-boxed e-con e-parent\" data-id=\"f64ddef\" data-element_type=\"container\">\n\t\t\t\t\t<div class=\"e-con-inner\">\n\t\t\t\t<div class=\"elementor-element elementor-element-ac82d91 elementor-widget elementor-widget-spacer\" data-id=\"ac82d91\" data-element_type=\"widget\" data-widget_type=\"spacer.default\">\n\t\t\t\t\t\t\t<div class=\"elementor-spacer\">\n\t\t\t<div class=\"elementor-spacer-inner\"><\/div>\n\t\t<\/div>\n\t\t\t\t\t\t<\/div>\n\t\t\t\t\t<\/div>\n\t\t\t\t<\/div>\n\t\t<div class=\"elementor-element elementor-element-00c400a e-grid e-con-boxed e-con e-parent\" data-id=\"00c400a\" data-element_type=\"container\">\n\t\t\t\t\t<div class=\"e-con-inner\">\n\t\t<div class=\"elementor-element elementor-element-3b6aefa e-con-full e-flex e-con e-child\" data-id=\"3b6aefa\" data-element_type=\"container\">\n\t\t\t\t<div class=\"elementor-element elementor-element-e560afe elementor-widget elementor-widget-video\" data-id=\"e560afe\" data-element_type=\"widget\" data-settings=\"{&quot;youtube_url&quot;:&quot;https:\\\/\\\/www.youtube.com\\\/watch?v=XHOmBV4js_E&quot;,&quot;video_type&quot;:&quot;youtube&quot;,&quot;controls&quot;:&quot;yes&quot;}\" data-widget_type=\"video.default\">\n\t\t\t\t\t\t\t<div class=\"elementor-wrapper elementor-open-inline\">\n\t\t\t<div class=\"elementor-video\"><\/div>\t\t<\/div>\n\t\t\t\t\t\t<\/div>\n\t\t\t\t<\/div>\n\t\t\t\t\t<\/div>\n\t\t\t\t<\/div>\n\t\t<div class=\"elementor-element elementor-element-32e92e1 e-flex e-con-boxed e-con e-parent\" data-id=\"32e92e1\" data-element_type=\"container\">\n\t\t\t\t\t<div class=\"e-con-inner\">\n\t\t\t\t\t<\/div>\n\t\t\t\t<\/div>\n\t\t\t\t<\/div>\n\t\t","protected":false},"excerpt":{"rendered":"<p>Impulsamos tu consulta con marketing digital aut\u00e9ntico Conectamos tu experiencia cl\u00ednica con pacientes que necesitan tus servicios. Ofrecemos gesti\u00f3n de [&hellip;]<\/p>\n","protected":false},"author":1,"featured_media":0,"parent":0,"menu_order":0,"comment_status":"closed","ping_status":"closed","template":"elementor_theme","meta":{"site-sidebar-layout":"no-sidebar","site-content-layout":"","ast-site-content-layout":"full-width-container","site-content-style":"default","site-sidebar-style":"default","ast-global-header-display":"","ast-banner-title-visibility":"","ast-main-header-display":"","ast-hfb-above-header-display":"","ast-hfb-below-header-display":"","ast-hfb-mobile-header-display":"","site-post-title":"disabled","ast-breadcrumbs-content":"","ast-featured-img":"disabled","footer-sml-layout":"","ast-disable-related-posts":"","theme-transparent-header-meta":"","adv-header-id-meta":"","stick-header-meta":"","header-above-stick-meta":"","header-main-stick-meta":"","header-below-stick-meta":"","astra-migrate-meta-layouts":"default","ast-page-background-enabled":"default","ast-page-background-meta":{"desktop":{"background-color":"var(--ast-global-color-5)","background-image":"","background-repeat":"repeat","background-position":"center center","background-size":"auto","background-attachment":"scroll","background-type":"","background-media":"","overlay-type":"","overlay-color":"","overlay-opacity":"","overlay-gradient":""},"tablet":{"background-color":"","background-image":"","background-repeat":"repeat","background-position":"center center","background-size":"auto","background-attachment":"scroll","background-type":"","background-media":"","overlay-type":"","overlay-color":"","overlay-opacity":"","overlay-gradient":""},"mobile":{"background-color":"","background-image":"","background-repeat":"repeat","background-position":"center center","background-size":"auto","background-attachment":"scroll","background-type":"","background-media":"","overlay-type":"","overlay-color":"","overlay-opacity":"","overlay-gradient":""}},"ast-content-background-meta":{"desktop":{"background-color":"var(--ast-global-color-4)","background-image":"","background-repeat":"repeat","background-position":"center center","background-size":"auto","background-attachment":"scroll","background-type":"","background-media":"","overlay-type":"","overlay-color":"","overlay-opacity":"","overlay-gradient":""},"tablet":{"background-color":"var(--ast-global-color-4)","background-image":"","background-repeat":"repeat","background-position":"center center","background-size":"auto","background-attachment":"scroll","background-type":"","background-media":"","overlay-type":"","overlay-color":"","overlay-opacity":"","overlay-gradient":""},"mobile":{"background-color":"var(--ast-global-color-4)","background-image":"","background-repeat":"repeat","background-position":"center center","background-size":"auto","background-attachment":"scroll","background-type":"","background-media":"","overlay-type":"","overlay-color":"","overlay-opacity":"","overlay-gradient":""}},"footnotes":""},"class_list":["post-26","page","type-page","status-publish","hentry"],"_links":{"self":[{"href":"https:\/\/psicoboost.es\/index.php?rest_route=\/wp\/v2\/pages\/26","targetHints":{"allow":["GET"]}}],"collection":[{"href":"https:\/\/psicoboost.es\/index.php?rest_route=\/wp\/v2\/pages"}],"about":[{"href":"https:\/\/psicoboost.es\/index.php?rest_route=\/wp\/v2\/types\/page"}],"author":[{"embeddable":true,"href":"https:\/\/psicoboost.es\/index.php?rest_route=\/wp\/v2\/users\/1"}],"replies":[{"embeddable":true,"href":"https:\/\/psicoboost.es\/index.php?rest_route=%2Fwp%2Fv2%2Fcomments&post=26"}],"version-history":[{"count":43,"href":"https:\/\/psicoboost.es\/index.php?rest_route=\/wp\/v2\/pages\/26\/revisions"}],"predecessor-version":[{"id":140,"href":"https:\/\/psicoboost.es\/index.php?rest_route=\/wp\/v2\/pages\/26\/revisions\/140"}],"wp:attachment":[{"href":"https:\/\/psicoboost.es\/index.php?rest_route=%2Fwp%2Fv2%2Fmedia&parent=26"}],"curies":[{"name":"wp","href":"https:\/\/api.w.org\/{rel}","templated":true}]}}