{"id":34,"date":"2025-10-09T11:47:44","date_gmt":"2025-10-09T09:47:44","guid":{"rendered":"https:\/\/psicoboost.es\/?page_id=34"},"modified":"2025-10-09T13:59:22","modified_gmt":"2025-10-09T11:59:22","slug":"elementor-page-34","status":"publish","type":"page","link":"https:\/\/psicoboost.es\/?page_id=34","title":{"rendered":"Gracias por completar perfil"},"content":{"rendered":"\t\t<div data-elementor-type=\"wp-page\" data-elementor-id=\"34\" class=\"elementor elementor-34\">\n\t\t\t\t<div class=\"elementor-element elementor-element-3ac0f9b e-grid e-con-boxed e-con e-parent\" data-id=\"3ac0f9b\" data-element_type=\"container\">\n\t\t\t\t\t<div class=\"e-con-inner\">\n\t\t\t\t\t<\/div>\n\t\t\t\t<\/div>\n\t\t<div class=\"elementor-element elementor-element-19dc820 e-flex e-con-boxed e-con e-parent\" data-id=\"19dc820\" data-element_type=\"container\">\n\t\t\t\t\t<div class=\"e-con-inner\">\n\t\t\t\t<div class=\"elementor-element elementor-element-1db311a elementor-widget elementor-widget-html\" data-id=\"1db311a\" data-element_type=\"widget\" data-widget_type=\"html.default\">\n\t\t\t\t\t<div style=\"text-align:center; max-width:500px; margin:50px auto; font-family:Arial, sans-serif;\">\r\n  <h2 style=\"color:#27D09C;\">\u00a1Gracias por completar tu perfil!<\/h2>\r\n  <p style=\"font-size:16px; color:#2c3e50;\">\r\n    Hemos recibido tu informaci\u00f3n correctamente. \r\n    Nuestro equipo la revisar\u00e1 y pronto recibir\u00e1s tu propuesta personalizada.\r\n  <\/p>\r\n  <p style=\"font-size:14px; color:#7f8c8d;\">\r\n    Mientras tanto, puedes seguir explorando nuestra comunidad y recursos en Psicoboost.\r\n  <\/p>\r\n  <a href=\"\/\" style=\"display:inline-block; margin-top:20px; padding:10px 20px; background:#27D09C; color:#ffffff; text-decoration:none; border-radius:4px;\">\r\n    Volver al inicio\r\n  <\/a>\r\n<\/div>\r\n\t\t\t\t<\/div>\n\t\t\t\t\t<\/div>\n\t\t\t\t<\/div>\n\t\t\t\t<\/div>\n\t\t","protected":false},"excerpt":{"rendered":"<p>\u00a1Gracias por completar tu perfil! Hemos recibido tu informaci\u00f3n correctamente. Nuestro equipo la revisar\u00e1 y pronto recibir\u00e1s tu propuesta personalizada. [&hellip;]<\/p>\n","protected":false},"author":1,"featured_media":0,"parent":0,"menu_order":0,"comment_status":"closed","ping_status":"closed","template":"elementor_canvas","meta":{"site-sidebar-layout":"no-sidebar","site-content-layout":"","ast-site-content-layout":"full-width-container","site-content-style":"default","site-sidebar-style":"default","ast-global-header-display":"","ast-banner-title-visibility":"","ast-main-header-display":"","ast-hfb-above-header-display":"","ast-hfb-below-header-display":"","ast-hfb-mobile-header-display":"","site-post-title":"","ast-breadcrumbs-content":"","ast-featured-img":"disabled","footer-sml-layout":"","ast-disable-related-posts":"","theme-transparent-header-meta":"","adv-header-id-meta":"","stick-header-meta":"","header-above-stick-meta":"","header-main-stick-meta":"","header-below-stick-meta":"","astra-migrate-meta-layouts":"default","ast-page-background-enabled":"default","ast-page-background-meta":{"desktop":{"background-color":"var(--ast-global-color-5)","background-image":"","background-repeat":"repeat","background-position":"center center","background-size":"auto","background-attachment":"scroll","background-type":"","background-media":"","overlay-type":"","overlay-color":"","overlay-opacity":"","overlay-gradient":""},"tablet":{"background-color":"","background-image":"","background-repeat":"repeat","background-position":"center center","background-size":"auto","background-attachment":"scroll","background-type":"","background-media":"","overlay-type":"","overlay-color":"","overlay-opacity":"","overlay-gradient":""},"mobile":{"background-color":"","background-image":"","background-repeat":"repeat","background-position":"center center","background-size":"auto","background-attachment":"scroll","background-type":"","background-media":"","overlay-type":"","overlay-color":"","overlay-opacity":"","overlay-gradient":""}},"ast-content-background-meta":{"desktop":{"background-color":"var(--ast-global-color-4)","background-image":"","background-repeat":"repeat","background-position":"center center","background-size":"auto","background-attachment":"scroll","background-type":"","background-media":"","overlay-type":"","overlay-color":"","overlay-opacity":"","overlay-gradient":""},"tablet":{"background-color":"var(--ast-global-color-4)","background-image":"","background-repeat":"repeat","background-position":"center center","background-size":"auto","background-attachment":"scroll","background-type":"","background-media":"","overlay-type":"","overlay-color":"","overlay-opacity":"","overlay-gradient":""},"mobile":{"background-color":"var(--ast-global-color-4)","background-image":"","background-repeat":"repeat","background-position":"center center","background-size":"auto","background-attachment":"scroll","background-type":"","background-media":"","overlay-type":"","overlay-color":"","overlay-opacity":"","overlay-gradient":""}},"footnotes":""},"class_list":["post-34","page","type-page","status-publish","hentry"],"_links":{"self":[{"href":"https:\/\/psicoboost.es\/index.php?rest_route=\/wp\/v2\/pages\/34","targetHints":{"allow":["GET"]}}],"collection":[{"href":"https:\/\/psicoboost.es\/index.php?rest_route=\/wp\/v2\/pages"}],"about":[{"href":"https:\/\/psicoboost.es\/index.php?rest_route=\/wp\/v2\/types\/page"}],"author":[{"embeddable":true,"href":"https:\/\/psicoboost.es\/index.php?rest_route=\/wp\/v2\/users\/1"}],"replies":[{"embeddable":true,"href":"https:\/\/psicoboost.es\/index.php?rest_route=%2Fwp%2Fv2%2Fcomments&post=34"}],"version-history":[{"count":10,"href":"https:\/\/psicoboost.es\/index.php?rest_route=\/wp\/v2\/pages\/34\/revisions"}],"predecessor-version":[{"id":304,"href":"https:\/\/psicoboost.es\/index.php?rest_route=\/wp\/v2\/pages\/34\/revisions\/304"}],"wp:attachment":[{"href":"https:\/\/psicoboost.es\/index.php?rest_route=%2Fwp%2Fv2%2Fmedia&parent=34"}],"curies":[{"name":"wp","href":"https:\/\/api.w.org\/{rel}","templated":true}]}}